{"id":23,"date":"2025-04-06T19:25:22","date_gmt":"2025-04-06T19:25:22","guid":{"rendered":"https:\/\/contecsa.todoalojamiento.net\/?page_id=23"},"modified":"2025-06-09T05:52:03","modified_gmt":"2025-06-09T05:52:03","slug":"seguridad-electronica","status":"publish","type":"page","link":"https:\/\/contecsa.todoalojamiento.net\/?page_id=23","title":{"rendered":"Seguridad Electr\u00f3nica"},"content":{"rendered":"\t\t<div data-elementor-type=\"wp-page\" data-elementor-id=\"23\" class=\"elementor elementor-23\" data-elementor-post-type=\"page\">\n\t\t\t\t<div class=\"elementor-element elementor-element-d43e476 e-con-full e-flex wpr-particle-no wpr-jarallax-no wpr-parallax-no wpr-sticky-section-no e-con e-parent\" data-id=\"d43e476\" data-element_type=\"container\" data-settings=\"{&quot;background_background&quot;:&quot;gradient&quot;}\">\n\t\t\t\t<div class=\"elementor-element elementor-element-c69eafd elementor-widget__width-inherit elementor-widget elementor-widget-heading\" data-id=\"c69eafd\" data-element_type=\"widget\" data-widget_type=\"heading.default\">\n\t\t\t\t<div class=\"elementor-widget-container\">\n\t\t\t\t\t<h2 class=\"elementor-heading-title elementor-size-default\">Seguridad Electr\u00f3nica<\/h2>\t\t\t\t<\/div>\n\t\t\t\t<\/div>\n\t\t\t\t<\/div>\n\t\t<div class=\"elementor-element elementor-element-fed796f e-flex e-con-boxed wpr-particle-no wpr-jarallax-no wpr-parallax-no wpr-sticky-section-no e-con e-parent\" data-id=\"fed796f\" data-element_type=\"container\">\n\t\t\t\t\t<div class=\"e-con-inner\">\n\t\t<div class=\"elementor-element elementor-element-729f26b e-con-full e-flex wpr-particle-no wpr-jarallax-no wpr-parallax-no wpr-sticky-section-no elementor-invisible e-con e-child\" data-id=\"729f26b\" data-element_type=\"container\" data-settings=\"{&quot;animation&quot;:&quot;fadeInDown&quot;,&quot;animation_tablet&quot;:&quot;fadeInDown&quot;}\">\n\t\t\t\t<div class=\"elementor-element elementor-element-b03e453 elementor-widget elementor-widget-image\" data-id=\"b03e453\" data-element_type=\"widget\" data-settings=\"{&quot;_animation&quot;:&quot;none&quot;,&quot;_animation_tablet&quot;:&quot;none&quot;,&quot;_animation_delay&quot;:100}\" data-widget_type=\"image.default\">\n\t\t\t\t<div class=\"elementor-widget-container\">\n\t\t\t\t\t\t\t\t\t\t\t\t\t\t\t<img decoding=\"async\" width=\"182\" height=\"182\" src=\"https:\/\/contecsa.todoalojamiento.net\/wp-content\/uploads\/2025\/05\/central-alarmas.png\" class=\"attachment-medium size-medium wp-image-286\" alt=\"\" srcset=\"https:\/\/contecsa.todoalojamiento.net\/wp-content\/uploads\/2025\/05\/central-alarmas.png 182w, https:\/\/contecsa.todoalojamiento.net\/wp-content\/uploads\/2025\/05\/central-alarmas-150x150.png 150w\" sizes=\"(max-width: 182px) 100vw, 182px\" \/>\t\t\t\t\t\t\t\t\t\t\t\t\t\t\t<\/div>\n\t\t\t\t<\/div>\n\t\t\t\t<div class=\"elementor-element elementor-element-4fb54fb e-transform e-transform elementor-widget elementor-widget-heading\" data-id=\"4fb54fb\" data-element_type=\"widget\" data-settings=\"{&quot;_animation&quot;:&quot;none&quot;,&quot;_animation_delay&quot;:100,&quot;_transform_scale_effect_hover_tablet&quot;:{&quot;unit&quot;:&quot;px&quot;,&quot;size&quot;:1.2,&quot;sizes&quot;:[]},&quot;_transform_translateX_effect_hover&quot;:{&quot;unit&quot;:&quot;px&quot;,&quot;size&quot;:&quot;&quot;,&quot;sizes&quot;:[]},&quot;_transform_translateX_effect_hover_tablet&quot;:{&quot;unit&quot;:&quot;px&quot;,&quot;size&quot;:&quot;&quot;,&quot;sizes&quot;:[]},&quot;_transform_translateX_effect_hover_mobile&quot;:{&quot;unit&quot;:&quot;px&quot;,&quot;size&quot;:&quot;&quot;,&quot;sizes&quot;:[]},&quot;_transform_translateY_effect_hover&quot;:{&quot;unit&quot;:&quot;px&quot;,&quot;size&quot;:&quot;&quot;,&quot;sizes&quot;:[]},&quot;_transform_translateY_effect_hover_tablet&quot;:{&quot;unit&quot;:&quot;px&quot;,&quot;size&quot;:&quot;&quot;,&quot;sizes&quot;:[]},&quot;_transform_translateY_effect_hover_mobile&quot;:{&quot;unit&quot;:&quot;px&quot;,&quot;size&quot;:&quot;&quot;,&quot;sizes&quot;:[]},&quot;_transform_scale_effect_hover&quot;:{&quot;unit&quot;:&quot;px&quot;,&quot;size&quot;:&quot;&quot;,&quot;sizes&quot;:[]},&quot;_transform_scale_effect_hover_mobile&quot;:{&quot;unit&quot;:&quot;px&quot;,&quot;size&quot;:&quot;&quot;,&quot;sizes&quot;:[]}}\" data-widget_type=\"heading.default\">\n\t\t\t\t<div class=\"elementor-widget-container\">\n\t\t\t\t\t<h2 class=\"elementor-heading-title elementor-size-default\">Central de alarmas<\/h2>\t\t\t\t<\/div>\n\t\t\t\t<\/div>\n\t\t\t\t<\/div>\n\t\t<div class=\"elementor-element elementor-element-ac191be e-con-full e-flex wpr-particle-no wpr-jarallax-no wpr-parallax-no wpr-sticky-section-no elementor-invisible e-con e-child\" data-id=\"ac191be\" data-element_type=\"container\" data-settings=\"{&quot;animation_tablet&quot;:&quot;fadeInDown&quot;,&quot;animation&quot;:&quot;fadeInDown&quot;}\">\n\t\t\t\t<div class=\"elementor-element elementor-element-d9f6c78 elementor-widget elementor-widget-image\" data-id=\"d9f6c78\" data-element_type=\"widget\" data-settings=\"{&quot;_animation_tablet&quot;:&quot;none&quot;}\" data-widget_type=\"image.default\">\n\t\t\t\t<div class=\"elementor-widget-container\">\n\t\t\t\t\t\t\t\t\t\t\t\t\t\t\t<img decoding=\"async\" width=\"182\" height=\"182\" src=\"https:\/\/contecsa.todoalojamiento.net\/wp-content\/uploads\/2025\/05\/circuito-cerrado-tv-cctv.png\" class=\"attachment-medium size-medium wp-image-288\" alt=\"\" srcset=\"https:\/\/contecsa.todoalojamiento.net\/wp-content\/uploads\/2025\/05\/circuito-cerrado-tv-cctv.png 182w, https:\/\/contecsa.todoalojamiento.net\/wp-content\/uploads\/2025\/05\/circuito-cerrado-tv-cctv-150x150.png 150w\" sizes=\"(max-width: 182px) 100vw, 182px\" \/>\t\t\t\t\t\t\t\t\t\t\t\t\t\t\t<\/div>\n\t\t\t\t<\/div>\n\t\t\t\t<div class=\"elementor-element elementor-element-627e1da e-transform elementor-widget elementor-widget-heading\" data-id=\"627e1da\" data-element_type=\"widget\" data-settings=\"{&quot;_transform_scale_effect_hover_tablet&quot;:{&quot;unit&quot;:&quot;px&quot;,&quot;size&quot;:1.2,&quot;sizes&quot;:[]},&quot;_transform_scale_effect_hover&quot;:{&quot;unit&quot;:&quot;px&quot;,&quot;size&quot;:&quot;&quot;,&quot;sizes&quot;:[]},&quot;_transform_scale_effect_hover_mobile&quot;:{&quot;unit&quot;:&quot;px&quot;,&quot;size&quot;:&quot;&quot;,&quot;sizes&quot;:[]}}\" data-widget_type=\"heading.default\">\n\t\t\t\t<div class=\"elementor-widget-container\">\n\t\t\t\t\t<h2 class=\"elementor-heading-title elementor-size-default\">Circuito Cerrado TV<\/h2>\t\t\t\t<\/div>\n\t\t\t\t<\/div>\n\t\t\t\t<\/div>\n\t\t<div class=\"elementor-element elementor-element-e37564a e-con-full e-flex wpr-particle-no wpr-jarallax-no wpr-parallax-no wpr-sticky-section-no elementor-invisible e-con e-child\" data-id=\"e37564a\" data-element_type=\"container\" data-settings=\"{&quot;animation_tablet&quot;:&quot;fadeInDown&quot;,&quot;animation&quot;:&quot;fadeInDown&quot;}\">\n\t\t\t\t<div class=\"elementor-element elementor-element-8f08b5d elementor-widget elementor-widget-image\" data-id=\"8f08b5d\" data-element_type=\"widget\" data-widget_type=\"image.default\">\n\t\t\t\t<div class=\"elementor-widget-container\">\n\t\t\t\t\t\t\t\t\t\t\t\t\t\t\t<img decoding=\"async\" width=\"182\" height=\"182\" src=\"https:\/\/contecsa.todoalojamiento.net\/wp-content\/uploads\/2025\/05\/instalaciones-seguridad.png\" class=\"attachment-medium size-medium wp-image-289\" alt=\"\" srcset=\"https:\/\/contecsa.todoalojamiento.net\/wp-content\/uploads\/2025\/05\/instalaciones-seguridad.png 182w, https:\/\/contecsa.todoalojamiento.net\/wp-content\/uploads\/2025\/05\/instalaciones-seguridad-150x150.png 150w\" sizes=\"(max-width: 182px) 100vw, 182px\" \/>\t\t\t\t\t\t\t\t\t\t\t\t\t\t\t<\/div>\n\t\t\t\t<\/div>\n\t\t\t\t<div class=\"elementor-element elementor-element-d07893c e-transform elementor-widget elementor-widget-heading\" data-id=\"d07893c\" data-element_type=\"widget\" data-settings=\"{&quot;_transform_scale_effect_hover_tablet&quot;:{&quot;unit&quot;:&quot;px&quot;,&quot;size&quot;:1.2,&quot;sizes&quot;:[]},&quot;_transform_scale_effect_hover&quot;:{&quot;unit&quot;:&quot;px&quot;,&quot;size&quot;:&quot;&quot;,&quot;sizes&quot;:[]},&quot;_transform_scale_effect_hover_mobile&quot;:{&quot;unit&quot;:&quot;px&quot;,&quot;size&quot;:&quot;&quot;,&quot;sizes&quot;:[]}}\" data-widget_type=\"heading.default\">\n\t\t\t\t<div class=\"elementor-widget-container\">\n\t\t\t\t\t<h2 class=\"elementor-heading-title elementor-size-default\">Instalaciones  de Seguridad<\/h2>\t\t\t\t<\/div>\n\t\t\t\t<\/div>\n\t\t\t\t<\/div>\n\t\t<div class=\"elementor-element elementor-element-21430d3 e-con-full e-flex wpr-particle-no wpr-jarallax-no wpr-parallax-no wpr-sticky-section-no elementor-invisible e-con e-child\" data-id=\"21430d3\" data-element_type=\"container\" data-settings=\"{&quot;animation_tablet&quot;:&quot;fadeInDown&quot;,&quot;animation&quot;:&quot;fadeInDown&quot;}\">\n\t\t\t\t<div class=\"elementor-element elementor-element-398e083 elementor-widget elementor-widget-image\" data-id=\"398e083\" data-element_type=\"widget\" data-settings=\"{&quot;_animation_tablet&quot;:&quot;fadeIn&quot;}\" data-widget_type=\"image.default\">\n\t\t\t\t<div class=\"elementor-widget-container\">\n\t\t\t\t\t\t\t\t\t\t\t\t\t\t\t<img loading=\"lazy\" decoding=\"async\" width=\"182\" height=\"182\" src=\"https:\/\/contecsa.todoalojamiento.net\/wp-content\/uploads\/2025\/05\/asesoramiento-seguridad.png\" class=\"attachment-medium size-medium wp-image-287\" alt=\"\" srcset=\"https:\/\/contecsa.todoalojamiento.net\/wp-content\/uploads\/2025\/05\/asesoramiento-seguridad.png 182w, https:\/\/contecsa.todoalojamiento.net\/wp-content\/uploads\/2025\/05\/asesoramiento-seguridad-150x150.png 150w\" sizes=\"(max-width: 182px) 100vw, 182px\" \/>\t\t\t\t\t\t\t\t\t\t\t\t\t\t\t<\/div>\n\t\t\t\t<\/div>\n\t\t\t\t<div class=\"elementor-element elementor-element-d35179c e-transform elementor-widget elementor-widget-heading\" data-id=\"d35179c\" data-element_type=\"widget\" data-settings=\"{&quot;_transform_scale_effect_hover_tablet&quot;:{&quot;unit&quot;:&quot;px&quot;,&quot;size&quot;:1.2,&quot;sizes&quot;:[]},&quot;_transform_scale_effect_hover&quot;:{&quot;unit&quot;:&quot;px&quot;,&quot;size&quot;:&quot;&quot;,&quot;sizes&quot;:[]},&quot;_transform_scale_effect_hover_mobile&quot;:{&quot;unit&quot;:&quot;px&quot;,&quot;size&quot;:&quot;&quot;,&quot;sizes&quot;:[]}}\" data-widget_type=\"heading.default\">\n\t\t\t\t<div class=\"elementor-widget-container\">\n\t\t\t\t\t<h2 class=\"elementor-heading-title elementor-size-default\">Asesoramiento Seguridad<\/h2>\t\t\t\t<\/div>\n\t\t\t\t<\/div>\n\t\t\t\t<\/div>\n\t\t<div class=\"elementor-element elementor-element-0d5c614 e-con-full e-flex wpr-particle-no wpr-jarallax-no wpr-parallax-no wpr-sticky-section-no elementor-invisible e-con e-child\" data-id=\"0d5c614\" data-element_type=\"container\" data-settings=\"{&quot;animation_tablet&quot;:&quot;fadeInDown&quot;,&quot;animation&quot;:&quot;fadeInDown&quot;}\">\n\t\t\t\t<div class=\"elementor-element elementor-element-42a70d7 elementor-widget elementor-widget-image\" data-id=\"42a70d7\" data-element_type=\"widget\" data-widget_type=\"image.default\">\n\t\t\t\t<div class=\"elementor-widget-container\">\n\t\t\t\t\t\t\t\t\t\t\t\t\t\t\t<img loading=\"lazy\" decoding=\"async\" width=\"182\" height=\"182\" src=\"https:\/\/contecsa.todoalojamiento.net\/wp-content\/uploads\/2025\/05\/productos-vigilancia-electronica.png\" class=\"attachment-medium size-medium wp-image-290\" alt=\"\" srcset=\"https:\/\/contecsa.todoalojamiento.net\/wp-content\/uploads\/2025\/05\/productos-vigilancia-electronica.png 182w, https:\/\/contecsa.todoalojamiento.net\/wp-content\/uploads\/2025\/05\/productos-vigilancia-electronica-150x150.png 150w\" sizes=\"(max-width: 182px) 100vw, 182px\" \/>\t\t\t\t\t\t\t\t\t\t\t\t\t\t\t<\/div>\n\t\t\t\t<\/div>\n\t\t\t\t<div class=\"elementor-element elementor-element-b759cee e-transform elementor-widget elementor-widget-heading\" data-id=\"b759cee\" data-element_type=\"widget\" data-settings=\"{&quot;_transform_scale_effect_hover_tablet&quot;:{&quot;unit&quot;:&quot;px&quot;,&quot;size&quot;:1.2,&quot;sizes&quot;:[]},&quot;_transform_scale_effect_hover&quot;:{&quot;unit&quot;:&quot;px&quot;,&quot;size&quot;:&quot;&quot;,&quot;sizes&quot;:[]},&quot;_transform_scale_effect_hover_mobile&quot;:{&quot;unit&quot;:&quot;px&quot;,&quot;size&quot;:&quot;&quot;,&quot;sizes&quot;:[]}}\" data-widget_type=\"heading.default\">\n\t\t\t\t<div class=\"elementor-widget-container\">\n\t\t\t\t\t<h2 class=\"elementor-heading-title elementor-size-default\">Productos electr\u00f3nicos<\/h2>\t\t\t\t<\/div>\n\t\t\t\t<\/div>\n\t\t\t\t<\/div>\n\t\t\t\t\t<\/div>\n\t\t\t\t<\/div>\n\t\t<div class=\"elementor-element elementor-element-b8f145a e-flex e-con-boxed wpr-particle-no wpr-jarallax-no wpr-parallax-no wpr-sticky-section-no elementor-invisible e-con e-parent\" data-id=\"b8f145a\" data-element_type=\"container\" data-settings=\"{&quot;animation&quot;:&quot;slideInRight&quot;}\">\n\t\t\t\t\t<div class=\"e-con-inner\">\n\t\t\t\t<div class=\"elementor-element elementor-element-f18acfb elementor-widget elementor-widget-text-editor\" data-id=\"f18acfb\" data-element_type=\"widget\" data-widget_type=\"text-editor.default\">\n\t\t\t\t<div class=\"elementor-widget-container\">\n\t\t\t\t\t\t\t\t\t<div class=\"content-50\"><p>En el sector desde 1982 y con todas las homologaciones de la Direcci\u00f3n General de Seguridad Privada (Empresa Autorizada D.G.S. n\u00ba621), podemos decir que somos pioneros de la Seguridad en Espa\u00f1a. Gracias a ello y a la profesionalidad de nuestro equipo, instalamos Seguridad del m\u00e1s alto nivel.<\/p><p id=\"no_tablet\">La actividad principal de Contecsa es la instalaci\u00f3n de seguridad y Circuitos Cerrados de Televisi\u00f3n (CCTV) , desde 2011 aprovechando nuestra trayectoria en el sector hemos ampliado nuestra actividad al \u00fanico campo que nos quedaba por cubrir en t\u00e9rminos de seguridad que es el \u00e1rea de Vigilancia.<\/p><\/div><div class=\"content-50\"><p id=\"no_tablet\">Con esta nueva \u00e1rea de negocio Contecsa cierra el c\u00edrculo en cuanto a los servicios demandados por nuestros clientes ofreciendo as\u00ed una soluci\u00f3n integral en materia de seguridad.<\/p><p>Esto lo hemos llevado a cabo con una premisa principal, que es la cercan\u00eda con el cliente y la calidad en el servicio. Nuestros sectores de actuaci\u00f3n los podemos dividir en diferentes cap\u00edtulos, los cuales resumen nuestras capacidades, teniendo siempre como objetivo el cuidado de nuestros clientes, trabajando conjuntamente para obtener los mejores resultados y m\u00e1xima tranquilidad.<\/p><\/div>\t\t\t\t\t\t\t\t<\/div>\n\t\t\t\t<\/div>\n\t\t\t\t\t<\/div>\n\t\t\t\t<\/div>\n\t\t\t\t<\/div>\n\t\t","protected":false},"excerpt":{"rendered":"<p>Seguridad Electr\u00f3nica Central de alarmas Circuito Cerrado TV Instalaciones de Seguridad Asesoramiento Seguridad Productos electr\u00f3nicos En el sector desde 1982 y con todas las homologaciones de la Direcci\u00f3n General de Seguridad Privada (Empresa Autorizada D.G.S. n\u00ba621), podemos decir que somos pioneros de la Seguridad en Espa\u00f1a. Gracias a ello y a la profesionalidad de nuestro equipo, instalamos Seguridad del m\u00e1s alto nivel. La actividad principal de Contecsa es la instalaci\u00f3n de seguridad y Circuitos Cerrados de Televisi\u00f3n (CCTV) , desde 2011 aprovechando nuestra trayectoria en el sector hemos ampliado nuestra actividad al \u00fanico campo que nos quedaba por cubrir en t\u00e9rminos de seguridad que es el \u00e1rea de Vigilancia. Con esta nueva \u00e1rea de negocio Contecsa cierra el c\u00edrculo en cuanto a los servicios demandados por nuestros clientes ofreciendo as\u00ed una soluci\u00f3n integral en materia de seguridad. Esto lo hemos llevado a cabo con una premisa principal, que es la cercan\u00eda con el cliente y la calidad en el servicio. Nuestros sectores de actuaci\u00f3n los podemos dividir en diferentes cap\u00edtulos, los cuales resumen nuestras capacidades, teniendo siempre como objetivo el cuidado de nuestros clientes, trabajando conjuntamente para obtener los mejores resultados y m\u00e1xima tranquilidad.<\/p>\n","protected":false},"author":1,"featured_media":0,"parent":0,"menu_order":0,"comment_status":"closed","ping_status":"closed","template":"elementor_canvas","meta":{"footnotes":""},"class_list":["post-23","page","type-page","status-publish","hentry"],"yoast_head":"<!-- This site is optimized with the Yoast SEO plugin v25.0 - https:\/\/yoast.com\/wordpress\/plugins\/seo\/ -->\n<title>Seguridad Electr\u00f3nica - CONTECSA<\/title>\n<meta name=\"robots\" content=\"index, follow, max-snippet:-1, max-image-preview:large, max-video-preview:-1\" \/>\n<link rel=\"canonical\" href=\"https:\/\/contecsa.todoalojamiento.net\/?page_id=23\" \/>\n<meta property=\"og:locale\" content=\"es_ES\" \/>\n<meta property=\"og:type\" content=\"article\" \/>\n<meta property=\"og:title\" content=\"Seguridad Electr\u00f3nica - CONTECSA\" \/>\n<meta property=\"og:description\" content=\"Seguridad Electr\u00f3nica Central de alarmas Circuito Cerrado TV Instalaciones de Seguridad Asesoramiento Seguridad Productos electr\u00f3nicos En el sector desde 1982 y con todas las homologaciones de la Direcci\u00f3n General de Seguridad Privada (Empresa Autorizada D.G.S. n\u00ba621), podemos decir que somos pioneros de la Seguridad en Espa\u00f1a. Gracias a ello y a la profesionalidad de nuestro equipo, instalamos Seguridad del m\u00e1s alto nivel. La actividad principal de Contecsa es la instalaci\u00f3n de seguridad y Circuitos Cerrados de Televisi\u00f3n (CCTV) , desde 2011 aprovechando nuestra trayectoria en el sector hemos ampliado nuestra actividad al \u00fanico campo que nos quedaba por cubrir en t\u00e9rminos de seguridad que es el \u00e1rea de Vigilancia. Con esta nueva \u00e1rea de negocio Contecsa cierra el c\u00edrculo en cuanto a los servicios demandados por nuestros clientes ofreciendo as\u00ed una soluci\u00f3n integral en materia de seguridad. Esto lo hemos llevado a cabo con una premisa principal, que es la cercan\u00eda con el cliente y la calidad en el servicio. Nuestros sectores de actuaci\u00f3n los podemos dividir en diferentes cap\u00edtulos, los cuales resumen nuestras capacidades, teniendo siempre como objetivo el cuidado de nuestros clientes, trabajando conjuntamente para obtener los mejores resultados y m\u00e1xima tranquilidad.\" \/>\n<meta property=\"og:url\" content=\"https:\/\/contecsa.todoalojamiento.net\/?page_id=23\" \/>\n<meta property=\"og:site_name\" content=\"CONTECSA\" \/>\n<meta property=\"article:modified_time\" content=\"2025-06-09T05:52:03+00:00\" \/>\n<meta property=\"og:image\" content=\"https:\/\/contecsa.todoalojamiento.net\/wp-content\/uploads\/2025\/05\/central-alarmas.png\" \/>\n\t<meta property=\"og:image:width\" content=\"182\" \/>\n\t<meta property=\"og:image:height\" content=\"182\" \/>\n\t<meta property=\"og:image:type\" content=\"image\/png\" \/>\n<meta name=\"twitter:card\" content=\"summary_large_image\" \/>\n<meta name=\"twitter:label1\" content=\"Tiempo de lectura\" \/>\n\t<meta name=\"twitter:data1\" content=\"2 minutos\" \/>\n<script type=\"application\/ld+json\" class=\"yoast-schema-graph\">{\"@context\":\"https:\/\/schema.org\",\"@graph\":[{\"@type\":\"WebPage\",\"@id\":\"https:\/\/contecsa.todoalojamiento.net\/?page_id=23\",\"url\":\"https:\/\/contecsa.todoalojamiento.net\/?page_id=23\",\"name\":\"Seguridad Electr\u00f3nica - CONTECSA\",\"isPartOf\":{\"@id\":\"https:\/\/contecsa.todoalojamiento.net\/#website\"},\"primaryImageOfPage\":{\"@id\":\"https:\/\/contecsa.todoalojamiento.net\/?page_id=23#primaryimage\"},\"image\":{\"@id\":\"https:\/\/contecsa.todoalojamiento.net\/?page_id=23#primaryimage\"},\"thumbnailUrl\":\"https:\/\/contecsa.todoalojamiento.net\/wp-content\/uploads\/2025\/05\/central-alarmas.png\",\"datePublished\":\"2025-04-06T19:25:22+00:00\",\"dateModified\":\"2025-06-09T05:52:03+00:00\",\"breadcrumb\":{\"@id\":\"https:\/\/contecsa.todoalojamiento.net\/?page_id=23#breadcrumb\"},\"inLanguage\":\"es\",\"potentialAction\":[{\"@type\":\"ReadAction\",\"target\":[\"https:\/\/contecsa.todoalojamiento.net\/?page_id=23\"]}]},{\"@type\":\"ImageObject\",\"inLanguage\":\"es\",\"@id\":\"https:\/\/contecsa.todoalojamiento.net\/?page_id=23#primaryimage\",\"url\":\"https:\/\/contecsa.todoalojamiento.net\/wp-content\/uploads\/2025\/05\/central-alarmas.png\",\"contentUrl\":\"https:\/\/contecsa.todoalojamiento.net\/wp-content\/uploads\/2025\/05\/central-alarmas.png\",\"width\":182,\"height\":182},{\"@type\":\"BreadcrumbList\",\"@id\":\"https:\/\/contecsa.todoalojamiento.net\/?page_id=23#breadcrumb\",\"itemListElement\":[{\"@type\":\"ListItem\",\"position\":1,\"name\":\"Portada\",\"item\":\"https:\/\/contecsa.todoalojamiento.net\/\"},{\"@type\":\"ListItem\",\"position\":2,\"name\":\"Seguridad Electr\u00f3nica\"}]},{\"@type\":\"WebSite\",\"@id\":\"https:\/\/contecsa.todoalojamiento.net\/#website\",\"url\":\"https:\/\/contecsa.todoalojamiento.net\/\",\"name\":\"CONTECSA\",\"description\":\"\",\"potentialAction\":[{\"@type\":\"SearchAction\",\"target\":{\"@type\":\"EntryPoint\",\"urlTemplate\":\"https:\/\/contecsa.todoalojamiento.net\/?s={search_term_string}\"},\"query-input\":{\"@type\":\"PropertyValueSpecification\",\"valueRequired\":true,\"valueName\":\"search_term_string\"}}],\"inLanguage\":\"es\"}]}<\/script>\n<!-- \/ Yoast SEO plugin. -->","yoast_head_json":{"title":"Seguridad Electr\u00f3nica - CONTECSA","robots":{"index":"index","follow":"follow","max-snippet":"max-snippet:-1","max-image-preview":"max-image-preview:large","max-video-preview":"max-video-preview:-1"},"canonical":"https:\/\/contecsa.todoalojamiento.net\/?page_id=23","og_locale":"es_ES","og_type":"article","og_title":"Seguridad Electr\u00f3nica - CONTECSA","og_description":"Seguridad Electr\u00f3nica Central de alarmas Circuito Cerrado TV Instalaciones de Seguridad Asesoramiento Seguridad Productos electr\u00f3nicos En el sector desde 1982 y con todas las homologaciones de la Direcci\u00f3n General de Seguridad Privada (Empresa Autorizada D.G.S. n\u00ba621), podemos decir que somos pioneros de la Seguridad en Espa\u00f1a. Gracias a ello y a la profesionalidad de nuestro equipo, instalamos Seguridad del m\u00e1s alto nivel. La actividad principal de Contecsa es la instalaci\u00f3n de seguridad y Circuitos Cerrados de Televisi\u00f3n (CCTV) , desde 2011 aprovechando nuestra trayectoria en el sector hemos ampliado nuestra actividad al \u00fanico campo que nos quedaba por cubrir en t\u00e9rminos de seguridad que es el \u00e1rea de Vigilancia. Con esta nueva \u00e1rea de negocio Contecsa cierra el c\u00edrculo en cuanto a los servicios demandados por nuestros clientes ofreciendo as\u00ed una soluci\u00f3n integral en materia de seguridad. Esto lo hemos llevado a cabo con una premisa principal, que es la cercan\u00eda con el cliente y la calidad en el servicio. Nuestros sectores de actuaci\u00f3n los podemos dividir en diferentes cap\u00edtulos, los cuales resumen nuestras capacidades, teniendo siempre como objetivo el cuidado de nuestros clientes, trabajando conjuntamente para obtener los mejores resultados y m\u00e1xima tranquilidad.","og_url":"https:\/\/contecsa.todoalojamiento.net\/?page_id=23","og_site_name":"CONTECSA","article_modified_time":"2025-06-09T05:52:03+00:00","og_image":[{"width":182,"height":182,"url":"https:\/\/contecsa.todoalojamiento.net\/wp-content\/uploads\/2025\/05\/central-alarmas.png","type":"image\/png"}],"twitter_card":"summary_large_image","twitter_misc":{"Tiempo de lectura":"2 minutos"},"schema":{"@context":"https:\/\/schema.org","@graph":[{"@type":"WebPage","@id":"https:\/\/contecsa.todoalojamiento.net\/?page_id=23","url":"https:\/\/contecsa.todoalojamiento.net\/?page_id=23","name":"Seguridad Electr\u00f3nica - CONTECSA","isPartOf":{"@id":"https:\/\/contecsa.todoalojamiento.net\/#website"},"primaryImageOfPage":{"@id":"https:\/\/contecsa.todoalojamiento.net\/?page_id=23#primaryimage"},"image":{"@id":"https:\/\/contecsa.todoalojamiento.net\/?page_id=23#primaryimage"},"thumbnailUrl":"https:\/\/contecsa.todoalojamiento.net\/wp-content\/uploads\/2025\/05\/central-alarmas.png","datePublished":"2025-04-06T19:25:22+00:00","dateModified":"2025-06-09T05:52:03+00:00","breadcrumb":{"@id":"https:\/\/contecsa.todoalojamiento.net\/?page_id=23#breadcrumb"},"inLanguage":"es","potentialAction":[{"@type":"ReadAction","target":["https:\/\/contecsa.todoalojamiento.net\/?page_id=23"]}]},{"@type":"ImageObject","inLanguage":"es","@id":"https:\/\/contecsa.todoalojamiento.net\/?page_id=23#primaryimage","url":"https:\/\/contecsa.todoalojamiento.net\/wp-content\/uploads\/2025\/05\/central-alarmas.png","contentUrl":"https:\/\/contecsa.todoalojamiento.net\/wp-content\/uploads\/2025\/05\/central-alarmas.png","width":182,"height":182},{"@type":"BreadcrumbList","@id":"https:\/\/contecsa.todoalojamiento.net\/?page_id=23#breadcrumb","itemListElement":[{"@type":"ListItem","position":1,"name":"Portada","item":"https:\/\/contecsa.todoalojamiento.net\/"},{"@type":"ListItem","position":2,"name":"Seguridad Electr\u00f3nica"}]},{"@type":"WebSite","@id":"https:\/\/contecsa.todoalojamiento.net\/#website","url":"https:\/\/contecsa.todoalojamiento.net\/","name":"CONTECSA","description":"","potentialAction":[{"@type":"SearchAction","target":{"@type":"EntryPoint","urlTemplate":"https:\/\/contecsa.todoalojamiento.net\/?s={search_term_string}"},"query-input":{"@type":"PropertyValueSpecification","valueRequired":true,"valueName":"search_term_string"}}],"inLanguage":"es"}]}},"_links":{"self":[{"href":"https:\/\/contecsa.todoalojamiento.net\/index.php?rest_route=\/wp\/v2\/pages\/23","targetHints":{"allow":["GET"]}}],"collection":[{"href":"https:\/\/contecsa.todoalojamiento.net\/index.php?rest_route=\/wp\/v2\/pages"}],"about":[{"href":"https:\/\/contecsa.todoalojamiento.net\/index.php?rest_route=\/wp\/v2\/types\/page"}],"author":[{"embeddable":true,"href":"https:\/\/contecsa.todoalojamiento.net\/index.php?rest_route=\/wp\/v2\/users\/1"}],"replies":[{"embeddable":true,"href":"https:\/\/contecsa.todoalojamiento.net\/index.php?rest_route=%2Fwp%2Fv2%2Fcomments&post=23"}],"version-history":[{"count":26,"href":"https:\/\/contecsa.todoalojamiento.net\/index.php?rest_route=\/wp\/v2\/pages\/23\/revisions"}],"predecessor-version":[{"id":371,"href":"https:\/\/contecsa.todoalojamiento.net\/index.php?rest_route=\/wp\/v2\/pages\/23\/revisions\/371"}],"wp:attachment":[{"href":"https:\/\/contecsa.todoalojamiento.net\/index.php?rest_route=%2Fwp%2Fv2%2Fmedia&parent=23"}],"curies":[{"name":"wp","href":"https:\/\/api.w.org\/{rel}","templated":true}]}}